{"id":17804,"date":"2025-03-18T18:38:12","date_gmt":"2025-03-18T18:38:12","guid":{"rendered":"https:\/\/home2.mapertech.com\/?page_id=17804"},"modified":"2025-06-27T13:14:15","modified_gmt":"2025-06-27T13:14:15","slug":"politica-de-seguridad-de-la-informacion","status":"publish","type":"page","link":"https:\/\/home2.mapertech.com\/en\/politica-de-seguridad-de-la-informacion\/","title":{"rendered":"politica de seguridad de la informaci\u00f3n"},"content":{"rendered":"<div data-elementor-type=\"wp-page\" data-elementor-id=\"17804\" class=\"elementor elementor-17804\" data-elementor-post-type=\"page\">\n\t\t\t\t\t\t<section class=\"elementor-section elementor-top-section elementor-element elementor-element-60bd4cb elementor-section-boxed elementor-section-height-default elementor-section-height-default\" data-id=\"60bd4cb\" data-element_type=\"section\" data-settings=\"{&quot;background_background&quot;:&quot;classic&quot;}\">\n\t\t\t\t\t\t\t<div class=\"elementor-background-overlay\"><\/div>\n\t\t\t\t\t\t\t<div class=\"elementor-container elementor-column-gap-default\">\n\t\t\t\t\t<div class=\"elementor-column elementor-col-100 elementor-top-column elementor-element elementor-element-301dae2\" data-id=\"301dae2\" data-element_type=\"column\">\n\t\t\t<div class=\"elementor-widget-wrap elementor-element-populated\">\n\t\t\t\t\t\t<section class=\"elementor-section elementor-inner-section elementor-element elementor-element-8be8fbb elementor-section-boxed elementor-section-height-default elementor-section-height-default\" data-id=\"8be8fbb\" data-element_type=\"section\">\n\t\t\t\t\t\t<div class=\"elementor-container elementor-column-gap-default\">\n\t\t\t\t\t<div class=\"elementor-column elementor-col-100 elementor-inner-column elementor-element elementor-element-5bf655c\" data-id=\"5bf655c\" data-element_type=\"column\">\n\t\t\t<div class=\"elementor-widget-wrap elementor-element-populated\">\n\t\t\t\t\t\t<div class=\"elementor-element elementor-element-27b37be elementor-widget elementor-widget-heading\" data-id=\"27b37be\" data-element_type=\"widget\" data-widget_type=\"heading.default\">\n\t\t\t\t<div class=\"elementor-widget-container\">\n\t\t\t\t\t<h1 class=\"elementor-heading-title elementor-size-default\">#POLITICAS DE SEGURIDAD DE LA INFORMACI\u00d3N - \u00daLTIMA EDICI\u00d3N 20-MAR-2025<\/h1>\t\t\t\t<\/div>\n\t\t\t\t<\/div>\n\t\t\t\t\t<\/div>\n\t\t<\/div>\n\t\t\t\t\t<\/div>\n\t\t<\/section>\n\t\t\t\t<div class=\"elementor-element elementor-element-5017a06 elementor-widget elementor-widget-testimonial\" data-id=\"5017a06\" data-element_type=\"widget\" data-widget_type=\"testimonial.default\">\n\t\t\t\t<div class=\"elementor-widget-container\">\n\t\t\t\t\t\t\t<div class=\"elementor-testimonial-wrapper\">\n\t\t\t\t\t\t\t<div class=\"elementor-testimonial-content\">Espa\u00f1ol:\nMAPER considera la informaci\u00f3n y los equipos de procesamiento de informaci\u00f3n como activos cr\u00edticos esenciales para lograr las metas y objetivos de la empresa. Como pr\u00e1ctica empresarial fundamental, MAPER se dedica a implementar todas las medidas razonables para salvaguardar la informaci\u00f3n creada, procesada o almacenada dentro de sus sistemas. MAPER tambi\u00e9n est\u00e1 comprometida a garantizar el cumplimiento de leyes, regulaciones, obligaciones contractuales y requisitos de continuidad de negocio.\n\nPara este fin, hemos establecido criterios de gesti\u00f3n de la informaci\u00f3n basados en los principios de integridad, confidencialidad y disponibilidad, de acuerdo con la norma internacional ISO\/IEC 27001:2022.\n\nSi bien MAPER no puede prevenir completamente los incidentes de Seguridad de la Informaci\u00f3n, haremos todos los esfuerzos razonables para:\n* Gestionar riesgos\n* Preservar la confidencialidad, integridad y disponibilidad de la informaci\u00f3n\n* Reducir la probabilidad de que ocurran eventos de seguridad\n* Minimizar el impacto potencial de cualquier incidente que pudiera ocurrir\n\nMAPER afirma que la Seguridad de la Informaci\u00f3n es una responsabilidad compartida por todos en la organizaci\u00f3n.<\/div>\n\t\t\t\n\t\t\t\t\t<\/div>\n\t\t\t\t\t\t<\/div>\n\t\t\t\t<\/div>\n\t\t\t\t<div class=\"elementor-element elementor-element-2ad9124 elementor-widget elementor-widget-heading\" data-id=\"2ad9124\" data-element_type=\"widget\" data-widget_type=\"heading.default\">\n\t\t\t\t<div class=\"elementor-widget-container\">\n\t\t\t\t\t<h2 class=\"elementor-heading-title elementor-size-default\">#INFORMATION SECURITY POLICY - LAST UPDATED 20-MAR-2025<\/h2>\t\t\t\t<\/div>\n\t\t\t\t<\/div>\n\t\t\t\t<div class=\"elementor-element elementor-element-c00e8f0 elementor-widget elementor-widget-testimonial\" data-id=\"c00e8f0\" data-element_type=\"widget\" data-widget_type=\"testimonial.default\">\n\t\t\t\t<div class=\"elementor-widget-container\">\n\t\t\t\t\t\t\t<div class=\"elementor-testimonial-wrapper\">\n\t\t\t\t\t\t\t<div class=\"elementor-testimonial-content\">MAPER regards information and information processing equipment as critical assets essential to achieving the company's goals and objectives. As a fundamental business practice, MAPER is dedicated to implementing all reasonable measures to safeguard information created, processed, or stored within its systems. MAPER is also committed to ensuring adherence to laws, regulations, contractual obligations, and business continuity requirements.\n\nTo this end, we have established information management criteria based on the principles of integrity, confidentiality, and availability, in accordance with the international ISO\/IEC 27001:2022 standard.\n\nWhile MAPER cannot entirely prevent Information Security incidents, we will make every reasonable effort to:\n* Manage risks\n* Preserve information confidentiality, integrity, and availability\n* Reduce the likelihood of security events occurring\n* Minimize the potential impact of any incidents that do occur\n\nMAPER affirms that Information Security is a responsibility shared by everyone throughout the organization.<\/div>\n\t\t\t\n\t\t\t\t\t<\/div>\n\t\t\t\t\t\t<\/div>\n\t\t\t\t<\/div>\n\t\t\t\t\t<\/div>\n\t\t<\/div>\n\t\t\t\t\t<\/div>\n\t\t<\/section>\n\t\t\t\t<section class=\"elementor-section elementor-top-section elementor-element elementor-element-bb6142d elementor-section-boxed elementor-section-height-default elementor-section-height-default\" data-id=\"bb6142d\" data-element_type=\"section\">\n\t\t\t\t\t\t<div class=\"elementor-container elementor-column-gap-default\">\n\t\t\t\t\t<div class=\"elementor-column elementor-col-100 elementor-top-column elementor-element elementor-element-dc4ba54\" data-id=\"dc4ba54\" data-element_type=\"column\">\n\t\t\t<div class=\"elementor-widget-wrap elementor-element-populated\">\n\t\t\t\t\t\t<section class=\"elementor-section elementor-inner-section elementor-element elementor-element-ce25315 elementor-section-boxed elementor-section-height-default elementor-section-height-default\" data-id=\"ce25315\" data-element_type=\"section\">\n\t\t\t\t\t\t<div class=\"elementor-container elementor-column-gap-default\">\n\t\t\t\t\t<div class=\"elementor-column elementor-col-100 elementor-inner-column elementor-element elementor-element-0dfafa3\" data-id=\"0dfafa3\" data-element_type=\"column\">\n\t\t\t<div class=\"elementor-widget-wrap elementor-element-populated\">\n\t\t\t\t\t\t<div class=\"elementor-element elementor-element-308c17e elementor-widget elementor-widget-heading\" data-id=\"308c17e\" data-element_type=\"widget\" data-widget_type=\"heading.default\">\n\t\t\t\t<div class=\"elementor-widget-container\">\n\t\t\t\t\t<h3 class=\"elementor-heading-title elementor-size-large\">Customers Who <b>Trust Us<\/b>:<\/h3>\t\t\t\t<\/div>\n\t\t\t\t<\/div>\n\t\t\t\t\t<\/div>\n\t\t<\/div>\n\t\t\t\t\t<\/div>\n\t\t<\/section>\n\t\t\t\t<div class=\"elementor-element elementor-element-8a264e3 elementor-arrows-position-inside elementor-pagination-position-outside elementor-widget elementor-widget-image-carousel\" data-id=\"8a264e3\" data-element_type=\"widget\" data-settings=\"{&quot;navigation&quot;:&quot;both&quot;,&quot;autoplay&quot;:&quot;yes&quot;,&quot;pause_on_hover&quot;:&quot;yes&quot;,&quot;pause_on_interaction&quot;:&quot;yes&quot;,&quot;autoplay_speed&quot;:5000,&quot;infinite&quot;:&quot;yes&quot;,&quot;speed&quot;:500}\" data-widget_type=\"image-carousel.default\">\n\t\t\t\t<div class=\"elementor-widget-container\">\n\t\t\t\t\t\t\t<div class=\"elementor-image-carousel-wrapper swiper\" role=\"region\" aria-roledescription=\"carousel\" aria-label=\"Carrusel de im\u00e1genes\" dir=\"ltr\">\n\t\t\t<div class=\"elementor-image-carousel swiper-wrapper\" aria-live=\"off\">\n\t\t\t\t\t\t\t\t<div class=\"swiper-slide\" role=\"group\" aria-roledescription=\"slide\" aria-label=\"1 of 18\" data-no-translation-aria-label=\"\"><figure class=\"swiper-slide-inner\"><img decoding=\"async\" class=\"swiper-slide-image\" src=\"https:\/\/maper.cl\/wp-content\/uploads\/2024\/04\/Agrosuper_gris-300x142.png\" alt=\"Agrosuper\" \/><\/figure><\/div><div class=\"swiper-slide\" role=\"group\" aria-roledescription=\"slide\" aria-label=\"2 of 18\" data-no-translation-aria-label=\"\"><figure class=\"swiper-slide-inner\"><img decoding=\"async\" class=\"swiper-slide-image\" src=\"https:\/\/maper.cl\/wp-content\/uploads\/2024\/04\/ABInBev_gris-300x142.png\" alt=\"ABInBev\" \/><\/figure><\/div><div class=\"swiper-slide\" role=\"group\" aria-roledescription=\"slide\" aria-label=\"3 of 18\" data-no-translation-aria-label=\"\"><figure class=\"swiper-slide-inner\"><img decoding=\"async\" class=\"swiper-slide-image\" src=\"https:\/\/maper.cl\/wp-content\/uploads\/2024\/04\/Alicorp_gris-300x142.png\" alt=\"Alicorp\" \/><\/figure><\/div><div class=\"swiper-slide\" role=\"group\" aria-roledescription=\"slide\" aria-label=\"4 of 18\" data-no-translation-aria-label=\"\"><figure class=\"swiper-slide-inner\"><img decoding=\"async\" class=\"swiper-slide-image\" src=\"https:\/\/maper.cl\/wp-content\/uploads\/2024\/04\/Aguas-Antofagasta_gris-300x142.png\" alt=\"Aguas Antofagasta\" \/><\/figure><\/div><div class=\"swiper-slide\" role=\"group\" aria-roledescription=\"slide\" aria-label=\"5 of 18\" data-no-translation-aria-label=\"\"><figure class=\"swiper-slide-inner\"><img decoding=\"async\" class=\"swiper-slide-image\" src=\"https:\/\/maper.cl\/wp-content\/uploads\/2024\/04\/Archer_gris.png\" alt=\"Logo de Archer - cliente de Maper\" \/><\/figure><\/div><div class=\"swiper-slide\" role=\"group\" aria-roledescription=\"slide\" aria-label=\"6 of 18\" data-no-translation-aria-label=\"\"><figure class=\"swiper-slide-inner\"><img decoding=\"async\" class=\"swiper-slide-image\" src=\"https:\/\/maper.cl\/wp-content\/uploads\/2024\/04\/Barbieri_gris-300x142.png\" alt=\"Logo de bARBIERI - cliente de Maper\" \/><\/figure><\/div><div class=\"swiper-slide\" role=\"group\" aria-roledescription=\"slide\" aria-label=\"7 of 18\" data-no-translation-aria-label=\"\"><figure class=\"swiper-slide-inner\"><img decoding=\"async\" class=\"swiper-slide-image\" src=\"https:\/\/maper.cl\/wp-content\/uploads\/2024\/04\/CCU_gris-300x142.png\" alt=\"Logo de CCU - cliente de Maper\" \/><\/figure><\/div><div class=\"swiper-slide\" role=\"group\" aria-roledescription=\"slide\" aria-label=\"8 of 18\" data-no-translation-aria-label=\"\"><figure class=\"swiper-slide-inner\"><img decoding=\"async\" class=\"swiper-slide-image\" src=\"https:\/\/maper.cl\/wp-content\/uploads\/2024\/04\/CerveceriayMalteriaQuilmes_gris-300x142.png\" alt=\"Logo de Cerveceria Quilmes - cliente de Maper\" \/><\/figure><\/div><div class=\"swiper-slide\" role=\"group\" aria-roledescription=\"slide\" aria-label=\"9 of 18\" data-no-translation-aria-label=\"\"><figure class=\"swiper-slide-inner\"><img decoding=\"async\" class=\"swiper-slide-image\" src=\"https:\/\/maper.cl\/wp-content\/uploads\/2024\/04\/CocaCola_Femsa_gris-300x142.png\" alt=\"Logo de Coca Cola - cliente de Maper\" \/><\/figure><\/div><div class=\"swiper-slide\" role=\"group\" aria-roledescription=\"slide\" aria-label=\"10 of 18\" data-no-translation-aria-label=\"\"><figure class=\"swiper-slide-inner\"><img decoding=\"async\" class=\"swiper-slide-image\" src=\"https:\/\/maper.cl\/wp-content\/uploads\/2024\/04\/Colun_gris-300x142.png\" alt=\"Logo de Colun - cliente de Maper\" \/><\/figure><\/div><div class=\"swiper-slide\" role=\"group\" aria-roledescription=\"slide\" aria-label=\"11 of 18\" data-no-translation-aria-label=\"\"><figure class=\"swiper-slide-inner\"><img decoding=\"async\" class=\"swiper-slide-image\" src=\"https:\/\/maper.cl\/wp-content\/uploads\/2024\/04\/Embonor_gris-300x142.png\" alt=\"Logo de Embonor - cliente de Maper\" \/><\/figure><\/div><div class=\"swiper-slide\" role=\"group\" aria-roledescription=\"slide\" aria-label=\"12 of 18\" data-no-translation-aria-label=\"\"><figure class=\"swiper-slide-inner\"><img decoding=\"async\" class=\"swiper-slide-image\" src=\"https:\/\/maper.cl\/wp-content\/uploads\/2024\/04\/Enaex_gris-300x142.png\" alt=\"Logo de Enaex - cliente de Maper\" \/><\/figure><\/div><div class=\"swiper-slide\" role=\"group\" aria-roledescription=\"slide\" aria-label=\"13 of 18\" data-no-translation-aria-label=\"\"><figure class=\"swiper-slide-inner\"><img decoding=\"async\" class=\"swiper-slide-image\" src=\"https:\/\/maper.cl\/wp-content\/uploads\/2024\/04\/Engie_gris-300x142.png\" alt=\"Logo de Engie - cliente de Maper\" \/><\/figure><\/div><div class=\"swiper-slide\" role=\"group\" aria-roledescription=\"slide\" aria-label=\"14 of 18\" data-no-translation-aria-label=\"\"><figure class=\"swiper-slide-inner\"><img decoding=\"async\" class=\"swiper-slide-image\" src=\"https:\/\/maper.cl\/wp-content\/uploads\/2024\/04\/IFF_gris-300x142.png\" alt=\"Logo de IFF - cliente de Maper\" \/><\/figure><\/div><div class=\"swiper-slide\" role=\"group\" aria-roledescription=\"slide\" aria-label=\"15 of 18\" data-no-translation-aria-label=\"\"><figure class=\"swiper-slide-inner\"><img decoding=\"async\" class=\"swiper-slide-image\" src=\"https:\/\/maper.cl\/wp-content\/uploads\/2024\/04\/Sodexo_gris-300x142.png\" alt=\"Logo de Sodexo - cliente de Maper\" \/><\/figure><\/div><div class=\"swiper-slide\" role=\"group\" aria-roledescription=\"slide\" aria-label=\"16 of 18\" data-no-translation-aria-label=\"\"><figure class=\"swiper-slide-inner\"><img decoding=\"async\" class=\"swiper-slide-image\" src=\"https:\/\/maper.cl\/wp-content\/uploads\/2024\/04\/Transclor_gris-300x142.png\" alt=\"Logo de Transclor - cliente de Maper\" \/><\/figure><\/div><div class=\"swiper-slide\" role=\"group\" aria-roledescription=\"slide\" aria-label=\"17 of 18\" data-no-translation-aria-label=\"\"><figure class=\"swiper-slide-inner\"><img decoding=\"async\" class=\"swiper-slide-image\" src=\"https:\/\/maper.cl\/wp-content\/uploads\/2024\/04\/Watts_gris-300x142.png\" alt=\"Logo de Watts - cliente de Maper\" \/><\/figure><\/div><div class=\"swiper-slide\" role=\"group\" aria-roledescription=\"slide\" aria-label=\"18 of 18\" data-no-translation-aria-label=\"\"><figure class=\"swiper-slide-inner\"><img decoding=\"async\" class=\"swiper-slide-image\" src=\"https:\/\/maper.cl\/wp-content\/uploads\/2024\/04\/Wilo_gris-300x142.png\" alt=\"Logo de Wilo - cliente de Maper\" \/><\/figure><\/div>\t\t\t<\/div>\n\t\t\t\t\t\t\t\t\t\t\t\t<div class=\"elementor-swiper-button elementor-swiper-button-prev\" role=\"button\" tabindex=\"0\">\n\t\t\t\t\t\t<i aria-hidden=\"true\" class=\"eicon-chevron-left\"><\/i>\t\t\t\t\t<\/div>\n\t\t\t\t\t<div class=\"elementor-swiper-button elementor-swiper-button-next\" role=\"button\" tabindex=\"0\">\n\t\t\t\t\t\t<i aria-hidden=\"true\" class=\"eicon-chevron-right\"><\/i>\t\t\t\t\t<\/div>\n\t\t\t\t\n\t\t\t\t\t\t\t\t\t<div class=\"swiper-pagination\"><\/div>\n\t\t\t\t\t\t\t\t\t<\/div>\n\t\t\t\t\t\t<\/div>\n\t\t\t\t<\/div>\n\t\t\t\t\t<\/div>\n\t\t<\/div>\n\t\t\t\t\t<\/div>\n\t\t<\/section>\n\t\t\t\t<\/div>","protected":false},"excerpt":{"rendered":"<p>#POLITICAS DE SEGURIDAD DE LA INFORMACI\u00d3N &#8211; \u00daLTIMA EDICI\u00d3N 20-MAR-2025 Espa\u00f1ol: MAPER considera la informaci\u00f3n y los equipos de procesamiento de informaci\u00f3n como activos cr\u00edticos esenciales para lograr las metas y objetivos de la empresa. Como pr\u00e1ctica empresarial fundamental, MAPER se dedica a implementar todas las medidas razonables para salvaguardar la informaci\u00f3n creada, procesada o [&hellip;]<\/p>","protected":false},"author":10,"featured_media":0,"parent":0,"menu_order":0,"comment_status":"closed","ping_status":"closed","template":"elementor_header_footer","meta":{"content-type":"","site-sidebar-layout":"no-sidebar","site-content-layout":"page-builder","ast-site-content-layout":"full-width-container","site-content-style":"unboxed","site-sidebar-style":"unboxed","ast-global-header-display":"","ast-banner-title-visibility":"","ast-main-header-display":"","ast-hfb-above-header-display":"","ast-hfb-below-header-display":"","ast-hfb-mobile-header-display":"","site-post-title":"disabled","ast-breadcrumbs-content":"","ast-featured-img":"disabled","footer-sml-layout":"","theme-transparent-header-meta":"default","adv-header-id-meta":"","stick-header-meta":"","header-above-stick-meta":"","header-main-stick-meta":"","header-below-stick-meta":"","astra-migrate-meta-layouts":"set","ast-page-background-enabled":"default","ast-page-background-meta":{"desktop":{"background-color":"","background-image":"","background-repeat":"repeat","background-position":"center center","background-size":"auto","background-attachment":"scroll","background-type":"","background-media":"","overlay-type":"","overlay-color":"","overlay-opacity":"","overlay-gradient":""},"tablet":{"background-color":"","background-image":"","background-repeat":"repeat","background-position":"center center","background-size":"auto","background-attachment":"scroll","background-type":"","background-media":"","overlay-type":"","overlay-color":"","overlay-opacity":"","overlay-gradient":""},"mobile":{"background-color":"","background-image":"","background-repeat":"repeat","background-position":"center center","background-size":"auto","background-attachment":"scroll","background-type":"","background-media":"","overlay-type":"","overlay-color":"","overlay-opacity":"","overlay-gradient":""}},"ast-content-background-meta":{"desktop":{"background-color":"var(--ast-global-color-5)","background-image":"","background-repeat":"repeat","background-position":"center center","background-size":"auto","background-attachment":"scroll","background-type":"","background-media":"","overlay-type":"","overlay-color":"","overlay-opacity":"","overlay-gradient":""},"tablet":{"background-color":"var(--ast-global-color-5)","background-image":"","background-repeat":"repeat","background-position":"center center","background-size":"auto","background-attachment":"scroll","background-type":"","background-media":"","overlay-type":"","overlay-color":"","overlay-opacity":"","overlay-gradient":""},"mobile":{"background-color":"var(--ast-global-color-5)","background-image":"","background-repeat":"repeat","background-position":"center center","background-size":"auto","background-attachment":"scroll","background-type":"","background-media":"","overlay-type":"","overlay-color":"","overlay-opacity":"","overlay-gradient":""}},"cybocfi_hide_featured_image":"","footnotes":""},"class_list":["post-17804","page","type-page","status-publish","hentry"],"aioseo_notices":[],"_links":{"self":[{"href":"https:\/\/home2.mapertech.com\/en\/wp-json\/wp\/v2\/pages\/17804","targetHints":{"allow":["GET"]}}],"collection":[{"href":"https:\/\/home2.mapertech.com\/en\/wp-json\/wp\/v2\/pages"}],"about":[{"href":"https:\/\/home2.mapertech.com\/en\/wp-json\/wp\/v2\/types\/page"}],"author":[{"embeddable":true,"href":"https:\/\/home2.mapertech.com\/en\/wp-json\/wp\/v2\/users\/10"}],"replies":[{"embeddable":true,"href":"https:\/\/home2.mapertech.com\/en\/wp-json\/wp\/v2\/comments?post=17804"}],"version-history":[{"count":7,"href":"https:\/\/home2.mapertech.com\/en\/wp-json\/wp\/v2\/pages\/17804\/revisions"}],"predecessor-version":[{"id":18171,"href":"https:\/\/home2.mapertech.com\/en\/wp-json\/wp\/v2\/pages\/17804\/revisions\/18171"}],"wp:attachment":[{"href":"https:\/\/home2.mapertech.com\/en\/wp-json\/wp\/v2\/media?parent=17804"}],"curies":[{"name":"wp","href":"https:\/\/api.w.org\/{rel}","templated":true}]}}